{"id":987929,"date":"2025-11-19T17:38:42","date_gmt":"2025-11-19T16:38:42","guid":{"rendered":"https:\/\/creativart.cloud\/casadeldolce\/?page_id=987929"},"modified":"2026-01-27T12:09:52","modified_gmt":"2026-01-27T11:09:52","slug":"trinketto","status":"publish","type":"page","link":"https:\/\/creativart.cloud\/casadeldolce\/marchi\/trinketto\/","title":{"rendered":"Trinketto"},"content":{"rendered":"\t\t<div data-elementor-type=\"wp-page\" data-elementor-id=\"987929\" class=\"elementor elementor-987929\" data-elementor-post-type=\"page\">\n\t\t\t\t<div class=\"elementor-element elementor-element-3a11d948 e-con-full e-flex e-con e-parent\" data-id=\"3a11d948\" data-element_type=\"container\">\n\t\t<div class=\"elementor-element elementor-element-10c54d8 e-con-full e-flex e-con e-child\" data-id=\"10c54d8\" data-element_type=\"container\">\n\t\t\t\t<div class=\"elementor-element elementor-element-e6b1d0d elementor-hidden-mobile elementor-widget elementor-widget-image\" data-id=\"e6b1d0d\" data-element_type=\"widget\" data-widget_type=\"image.default\">\n\t\t\t\t<div class=\"elementor-widget-container\">\n\t\t\t\t\t\t\t\t\t\t\t\t\t\t\t<img fetchpriority=\"high\" decoding=\"async\" width=\"1920\" height=\"600\" src=\"https:\/\/creativart.cloud\/casadeldolce\/wp-content\/uploads\/2025\/11\/casa-del-dolce-header-marchi-trinketto.jpg\" class=\"attachment-full size-full wp-image-987946\" alt=\"\" srcset=\"https:\/\/creativart.cloud\/casadeldolce\/wp-content\/uploads\/2025\/11\/casa-del-dolce-header-marchi-trinketto.jpg 1920w, https:\/\/creativart.cloud\/casadeldolce\/wp-content\/uploads\/2025\/11\/casa-del-dolce-header-marchi-trinketto-640x200.jpg 640w, https:\/\/creativart.cloud\/casadeldolce\/wp-content\/uploads\/2025\/11\/casa-del-dolce-header-marchi-trinketto-300x94.jpg 300w, https:\/\/creativart.cloud\/casadeldolce\/wp-content\/uploads\/2025\/11\/casa-del-dolce-header-marchi-trinketto-1024x320.jpg 1024w, https:\/\/creativart.cloud\/casadeldolce\/wp-content\/uploads\/2025\/11\/casa-del-dolce-header-marchi-trinketto-768x240.jpg 768w, https:\/\/creativart.cloud\/casadeldolce\/wp-content\/uploads\/2025\/11\/casa-del-dolce-header-marchi-trinketto-1536x480.jpg 1536w, https:\/\/creativart.cloud\/casadeldolce\/wp-content\/uploads\/2025\/11\/casa-del-dolce-header-marchi-trinketto-1280x400.jpg 1280w\" sizes=\"(max-width: 1920px) 100vw, 1920px\" \/>\t\t\t\t\t\t\t\t\t\t\t\t\t\t\t<\/div>\n\t\t\t\t<\/div>\n\t\t\t\t<div class=\"elementor-element elementor-element-95f0815 elementor-hidden-desktop elementor-hidden-tablet elementor-widget elementor-widget-image\" data-id=\"95f0815\" data-element_type=\"widget\" data-widget_type=\"image.default\">\n\t\t\t\t<div class=\"elementor-widget-container\">\n\t\t\t\t\t\t\t\t\t\t\t\t\t\t\t<img decoding=\"async\" width=\"1000\" height=\"600\" src=\"https:\/\/creativart.cloud\/casadeldolce\/wp-content\/uploads\/2025\/11\/marchi-trinketto_mobile.jpg\" class=\"attachment-full size-full wp-image-988362\" alt=\"\" srcset=\"https:\/\/creativart.cloud\/casadeldolce\/wp-content\/uploads\/2025\/11\/marchi-trinketto_mobile.jpg 1000w, https:\/\/creativart.cloud\/casadeldolce\/wp-content\/uploads\/2025\/11\/marchi-trinketto_mobile-300x180.jpg 300w, https:\/\/creativart.cloud\/casadeldolce\/wp-content\/uploads\/2025\/11\/marchi-trinketto_mobile-768x461.jpg 768w, https:\/\/creativart.cloud\/casadeldolce\/wp-content\/uploads\/2025\/11\/marchi-trinketto_mobile-640x384.jpg 640w\" sizes=\"(max-width: 1000px) 100vw, 1000px\" \/>\t\t\t\t\t\t\t\t\t\t\t\t\t\t\t<\/div>\n\t\t\t\t<\/div>\n\t\t\t\t<\/div>\n\t\t<div class=\"elementor-element elementor-element-7c49d20 elementor-invisible e-flex e-con-boxed e-con e-child\" data-id=\"7c49d20\" data-element_type=\"container\" data-settings=\"{&quot;animation&quot;:&quot;fadeIn&quot;}\">\n\t\t\t\t\t<div class=\"e-con-inner\">\n\t\t<div class=\"elementor-element elementor-element-dc86aca e-con-full e-flex e-con e-child\" data-id=\"dc86aca\" data-element_type=\"container\" data-settings=\"{&quot;background_background&quot;:&quot;classic&quot;}\">\n\t\t\t\t<div class=\"elementor-element elementor-element-c8c8337 elementor-widget elementor-widget-image\" data-id=\"c8c8337\" data-element_type=\"widget\" data-widget_type=\"image.default\">\n\t\t\t\t<div class=\"elementor-widget-container\">\n\t\t\t\t\t\t\t\t\t\t\t\t\t\t\t<img decoding=\"async\" width=\"300\" height=\"150\" src=\"https:\/\/creativart.cloud\/casadeldolce\/wp-content\/uploads\/2025\/11\/casa-del-dolce-logo-trinketto.jpg\" class=\"attachment-large size-large wp-image-987938\" alt=\"\" \/>\t\t\t\t\t\t\t\t\t\t\t\t\t\t\t<\/div>\n\t\t\t\t<\/div>\n\t\t\t\t<\/div>\n\t\t\t\t\t<\/div>\n\t\t\t\t<\/div>\n\t\t<div class=\"elementor-element elementor-element-20a1dd70 elementor-invisible e-flex e-con-boxed e-con e-child\" data-id=\"20a1dd70\" data-element_type=\"container\" data-settings=\"{&quot;background_background&quot;:&quot;classic&quot;,&quot;animation&quot;:&quot;fadeInUp&quot;}\">\n\t\t\t\t\t<div class=\"e-con-inner\">\n\t\t<div class=\"elementor-element elementor-element-4551cf88 e-con-full e-flex e-con e-child\" data-id=\"4551cf88\" data-element_type=\"container\">\n\t\t<div class=\"elementor-element elementor-element-6afa9824 e-con-full e-flex e-con e-child\" data-id=\"6afa9824\" data-element_type=\"container\">\n\t\t<div class=\"elementor-element elementor-element-7118292 e-con-full e-flex e-con e-child\" data-id=\"7118292\" data-element_type=\"container\">\n\t\t\t\t<div class=\"elementor-element elementor-element-490ca149 elementor-invisible animated-fast elementor-widget elementor-widget-heading\" data-id=\"490ca149\" data-element_type=\"widget\" data-settings=\"{&quot;_animation&quot;:&quot;fadeIn&quot;,&quot;_animation_delay&quot;:0}\" data-widget_type=\"heading.default\">\n\t\t\t\t<div class=\"elementor-widget-container\">\n\t\t\t\t\t<h1 class=\"elementor-heading-title elementor-size-default\">Trinketto, la caramella liquida amata dai bambini<\/h1>\t\t\t\t<\/div>\n\t\t\t\t<\/div>\n\t\t\t\t<div class=\"vamtam-has-theme-widget-styles elementor-element elementor-element-366cd4a vamtam-icon-pos-row-reverse vamtam-has-icon-styles vamtam-has-hover-anim vamtam-has-outside-icon elementor-align-left elementor-hidden-mobile elementor-widget elementor-widget-button\" data-id=\"366cd4a\" data-element_type=\"widget\" data-widget_type=\"button.default\">\n\t\t\t\t<div class=\"elementor-widget-container\">\n\t\t\t\t\t\t\t\t\t<div class=\"elementor-button-wrapper\">\n\t\t\t\t\t<a class=\"elementor-button elementor-size-sm\" role=\"button\">\n\t\t\t\t\t\t<span class=\"elementor-button-content-wrapper\">\n\t\t\t\t\t\t<span class=\"elementor-button-icon\">\n\t\t\t\t<i aria-hidden=\"true\" class=\"vamtamtheme- vamtam-theme-arrow-link-up\"><\/i>\t\t\t<\/span>\n\t\t\t\t\t\t\t\t\t<span class=\"elementor-button-text\">Vedi tutti i prodotti<\/span>\n\t\t\t\t\t<\/span>\n\t\t\t\t\t<\/a>\n\t\t\t\t<\/div>\n\t\t\t\t\t\t\t\t<\/div>\n\t\t\t\t<\/div>\n\t\t\t\t<\/div>\n\t\t<div class=\"elementor-element elementor-element-7656e955 e-con-full e-flex e-con e-child\" data-id=\"7656e955\" data-element_type=\"container\">\n\t\t\t\t<div class=\"elementor-element elementor-element-3a59ed00 elementor-widget elementor-widget-text-editor\" data-id=\"3a59ed00\" data-element_type=\"widget\" data-widget_type=\"text-editor.default\">\n\t\t\t\t<div class=\"elementor-widget-container\">\n\t\t\t\t\t\t\t\t\t<p data-start=\"139\" data-end=\"372\">Trinketto \u00e8 fatto di acqua e zucchero. Il liquido \u00e8 trasparente, \u00e8 la bottiglietta ad essere colorata e divertente. Senza glutine, senza coloranti, prodotto <strong>Made in Italy e 100% riciclabile<\/strong>, dal contenuto al contenitore, Trinketto \u00e8 interamente prodotto da <strong>Casa del Dolce<\/strong>, un simbolo di italianit\u00e0 e passione dolciaria. <\/p><p data-start=\"139\" data-end=\"372\">Disponibile anche nella versione sugar free.<\/p>\t\t\t\t\t\t\t\t<\/div>\n\t\t\t\t<\/div>\n\t\t\t\t<div class=\"vamtam-has-theme-widget-styles elementor-element elementor-element-7f82adf vamtam-icon-pos-row-reverse vamtam-has-icon-styles vamtam-has-hover-anim vamtam-has-outside-icon elementor-align-left elementor-hidden-desktop elementor-hidden-tablet elementor-widget elementor-widget-button\" data-id=\"7f82adf\" data-element_type=\"widget\" data-widget_type=\"button.default\">\n\t\t\t\t<div class=\"elementor-widget-container\">\n\t\t\t\t\t\t\t\t\t<div class=\"elementor-button-wrapper\">\n\t\t\t\t\t<a class=\"elementor-button elementor-size-sm\" role=\"button\">\n\t\t\t\t\t\t<span class=\"elementor-button-content-wrapper\">\n\t\t\t\t\t\t<span class=\"elementor-button-icon\">\n\t\t\t\t<i aria-hidden=\"true\" class=\"vamtamtheme- vamtam-theme-arrow-link-up\"><\/i>\t\t\t<\/span>\n\t\t\t\t\t\t\t\t\t<span class=\"elementor-button-text\">Vedi tutti i prodotti<\/span>\n\t\t\t\t\t<\/span>\n\t\t\t\t\t<\/a>\n\t\t\t\t<\/div>\n\t\t\t\t\t\t\t\t<\/div>\n\t\t\t\t<\/div>\n\t\t\t\t<\/div>\n\t\t\t\t<\/div>\n\t\t\t\t<\/div>\n\t\t\t\t\t<\/div>\n\t\t\t\t<\/div>\n\t\t\t\t<\/div>\n\t\t<div class=\"elementor-element elementor-element-4ab8e95 elementor-invisible e-flex e-con-boxed e-con e-parent\" data-id=\"4ab8e95\" data-element_type=\"container\" data-settings=\"{&quot;animation&quot;:&quot;slideInUp&quot;}\">\n\t\t\t\t\t<div class=\"e-con-inner\">\n\t\t\t\t<div class=\"elementor-element elementor-element-66afff6 rounded elementor-widget elementor-widget-image-carousel\" data-id=\"66afff6\" data-element_type=\"widget\" data-settings=\"{&quot;slides_to_show&quot;:&quot;3&quot;,&quot;navigation&quot;:&quot;none&quot;,&quot;autoplay&quot;:&quot;yes&quot;,&quot;autoplay_speed&quot;:5000,&quot;infinite&quot;:&quot;yes&quot;,&quot;speed&quot;:500,&quot;image_spacing_custom&quot;:{&quot;unit&quot;:&quot;px&quot;,&quot;size&quot;:20,&quot;sizes&quot;:[]},&quot;image_spacing_custom_tablet&quot;:{&quot;unit&quot;:&quot;px&quot;,&quot;size&quot;:&quot;&quot;,&quot;sizes&quot;:[]},&quot;image_spacing_custom_mobile&quot;:{&quot;unit&quot;:&quot;px&quot;,&quot;size&quot;:&quot;&quot;,&quot;sizes&quot;:[]}}\" data-widget_type=\"image-carousel.default\">\n\t\t\t\t<div class=\"elementor-widget-container\">\n\t\t\t\t\t\t\t<div class=\"elementor-image-carousel-wrapper swiper\" role=\"region\" aria-roledescription=\"carousel\" aria-label=\"Carosello d&#039;immagini\" dir=\"ltr\">\n\t\t\t<div class=\"elementor-image-carousel swiper-wrapper\" aria-live=\"off\">\n\t\t\t\t\t\t\t\t<div class=\"swiper-slide\" role=\"group\" aria-roledescription=\"slide\" aria-label=\"1 di 3\"><a data-elementor-open-lightbox=\"yes\" data-elementor-lightbox-slideshow=\"66afff6\" data-elementor-lightbox-title=\"trinketto-post-03\" data-e-action-hash=\"#elementor-action%3Aaction%3Dlightbox%26settings%3DeyJpZCI6OTg3OTQwLCJ1cmwiOiJodHRwczpcL1wvY3JlYXRpdmFydC5jbG91ZFwvY2FzYWRlbGRvbGNlXC93cC1jb250ZW50XC91cGxvYWRzXC8yMDI1XC8xMVwvdHJpbmtldHRvLXBvc3QtMDMuanBnIiwic2xpZGVzaG93IjoiNjZhZmZmNiJ9\" href=\"https:\/\/creativart.cloud\/casadeldolce\/wp-content\/uploads\/2025\/11\/trinketto-post-03.jpg\"><figure class=\"swiper-slide-inner\"><img decoding=\"async\" class=\"swiper-slide-image\" src=\"https:\/\/creativart.cloud\/casadeldolce\/wp-content\/uploads\/2025\/11\/trinketto-post-03.jpg\" alt=\"trinketto-post-03\" \/><\/figure><\/a><\/div><div class=\"swiper-slide\" role=\"group\" aria-roledescription=\"slide\" aria-label=\"2 di 3\"><a data-elementor-open-lightbox=\"yes\" data-elementor-lightbox-slideshow=\"66afff6\" data-elementor-lightbox-title=\"trinketto-post-01\" data-e-action-hash=\"#elementor-action%3Aaction%3Dlightbox%26settings%3DeyJpZCI6OTg3OTQxLCJ1cmwiOiJodHRwczpcL1wvY3JlYXRpdmFydC5jbG91ZFwvY2FzYWRlbGRvbGNlXC93cC1jb250ZW50XC91cGxvYWRzXC8yMDI1XC8xMVwvdHJpbmtldHRvLXBvc3QtMDEuanBnIiwic2xpZGVzaG93IjoiNjZhZmZmNiJ9\" href=\"https:\/\/creativart.cloud\/casadeldolce\/wp-content\/uploads\/2025\/11\/trinketto-post-01.jpg\"><figure class=\"swiper-slide-inner\"><img decoding=\"async\" class=\"swiper-slide-image\" src=\"https:\/\/creativart.cloud\/casadeldolce\/wp-content\/uploads\/2025\/11\/trinketto-post-01.jpg\" alt=\"trinketto-post-01\" \/><\/figure><\/a><\/div><div class=\"swiper-slide\" role=\"group\" aria-roledescription=\"slide\" aria-label=\"3 di 3\"><a data-elementor-open-lightbox=\"yes\" data-elementor-lightbox-slideshow=\"66afff6\" data-elementor-lightbox-title=\"trinketto-post-02\" data-e-action-hash=\"#elementor-action%3Aaction%3Dlightbox%26settings%3DeyJpZCI6OTg3OTQyLCJ1cmwiOiJodHRwczpcL1wvY3JlYXRpdmFydC5jbG91ZFwvY2FzYWRlbGRvbGNlXC93cC1jb250ZW50XC91cGxvYWRzXC8yMDI1XC8xMVwvdHJpbmtldHRvLXBvc3QtMDIuanBnIiwic2xpZGVzaG93IjoiNjZhZmZmNiJ9\" href=\"https:\/\/creativart.cloud\/casadeldolce\/wp-content\/uploads\/2025\/11\/trinketto-post-02.jpg\"><figure class=\"swiper-slide-inner\"><img decoding=\"async\" class=\"swiper-slide-image\" src=\"https:\/\/creativart.cloud\/casadeldolce\/wp-content\/uploads\/2025\/11\/trinketto-post-02.jpg\" alt=\"trinketto-post-02\" \/><\/figure><\/a><\/div>\t\t\t<\/div>\n\t\t\t\t\t\t\t\n\t\t\t\t\t\t\t\t\t<\/div>\n\t\t\t\t\t\t<\/div>\n\t\t\t\t<\/div>\n\t\t\t\t<div class=\"elementor-element elementor-element-c971ee7 elementor-widget elementor-widget-video\" data-id=\"c971ee7\" data-element_type=\"widget\" data-settings=\"{&quot;youtube_url&quot;:&quot;https:\\\/\\\/www.youtube.com\\\/watch?v=uX7umIoqjko&quot;,&quot;autoplay&quot;:&quot;yes&quot;,&quot;mute&quot;:&quot;yes&quot;,&quot;loop&quot;:&quot;yes&quot;,&quot;play_on_mobile&quot;:&quot;yes&quot;,&quot;video_type&quot;:&quot;youtube&quot;}\" data-widget_type=\"video.default\">\n\t\t\t\t<div class=\"elementor-widget-container\">\n\t\t\t\t\t\t\t<div class=\"elementor-wrapper elementor-open-inline\">\n\t\t\t<div class=\"elementor-video\"><\/div>\t\t<\/div>\n\t\t\t\t\t\t<\/div>\n\t\t\t\t<\/div>\n\t\t\t\t\t<\/div>\n\t\t\t\t<\/div>\n\t\t\t\t<\/div>\n\t\t","protected":false},"excerpt":{"rendered":"<p>Trinketto, la caramella liquida amata dai bambini Vedi tutti i prodotti Trinketto \u00e8 fatto di acqua e zucchero. Il liquido \u00e8 trasparente, \u00e8 la bottiglietta ad essere colorata e divertente. Senza glutine, senza coloranti, prodotto Made in Italy e 100% riciclabile, dal contenuto al contenitore, Trinketto \u00e8 interamente prodotto da Casa del Dolce, un simbolo&#8230;<\/p>\n","protected":false},"author":1,"featured_media":0,"parent":987927,"menu_order":0,"comment_status":"closed","ping_status":"closed","template":"elementor_header_footer","meta":{"footnotes":""},"class_list":["post-987929","page","type-page","status-publish","hentry"],"_links":{"self":[{"href":"https:\/\/creativart.cloud\/casadeldolce\/wp-json\/wp\/v2\/pages\/987929","targetHints":{"allow":["GET"]}}],"collection":[{"href":"https:\/\/creativart.cloud\/casadeldolce\/wp-json\/wp\/v2\/pages"}],"about":[{"href":"https:\/\/creativart.cloud\/casadeldolce\/wp-json\/wp\/v2\/types\/page"}],"author":[{"embeddable":true,"href":"https:\/\/creativart.cloud\/casadeldolce\/wp-json\/wp\/v2\/users\/1"}],"replies":[{"embeddable":true,"href":"https:\/\/creativart.cloud\/casadeldolce\/wp-json\/wp\/v2\/comments?post=987929"}],"version-history":[{"count":85,"href":"https:\/\/creativart.cloud\/casadeldolce\/wp-json\/wp\/v2\/pages\/987929\/revisions"}],"predecessor-version":[{"id":989108,"href":"https:\/\/creativart.cloud\/casadeldolce\/wp-json\/wp\/v2\/pages\/987929\/revisions\/989108"}],"up":[{"embeddable":true,"href":"https:\/\/creativart.cloud\/casadeldolce\/wp-json\/wp\/v2\/pages\/987927"}],"wp:attachment":[{"href":"https:\/\/creativart.cloud\/casadeldolce\/wp-json\/wp\/v2\/media?parent=987929"}],"curies":[{"name":"wp","href":"https:\/\/api.w.org\/{rel}","templated":true}]}}