{"id":988619,"date":"2026-01-22T14:29:06","date_gmt":"2026-01-22T13:29:06","guid":{"rendered":"https:\/\/creativart.cloud\/casadeldolce\/?page_id=988619"},"modified":"2026-01-22T14:30:11","modified_gmt":"2026-01-22T13:30:11","slug":"bip","status":"publish","type":"page","link":"https:\/\/creativart.cloud\/casadeldolce\/marchi\/bip\/","title":{"rendered":"Bip"},"content":{"rendered":"\t\t<div data-elementor-type=\"wp-page\" data-elementor-id=\"988619\" class=\"elementor elementor-988619\" data-elementor-post-type=\"page\">\n\t\t\t\t<div class=\"elementor-element elementor-element-3362379e e-con-full e-flex e-con e-parent\" data-id=\"3362379e\" data-element_type=\"container\">\n\t\t<div class=\"elementor-element elementor-element-322c3d92 e-con-full e-flex e-con e-child\" data-id=\"322c3d92\" data-element_type=\"container\" data-settings=\"{&quot;background_background&quot;:&quot;classic&quot;}\">\n\t\t\t\t<\/div>\n\t\t<div class=\"elementor-element elementor-element-7c49d20 elementor-invisible e-flex e-con-boxed e-con e-child\" data-id=\"7c49d20\" data-element_type=\"container\" data-settings=\"{&quot;animation&quot;:&quot;fadeIn&quot;}\">\n\t\t\t\t\t<div class=\"e-con-inner\">\n\t\t<div class=\"elementor-element elementor-element-dc86aca e-con-full e-flex e-con e-child\" data-id=\"dc86aca\" data-element_type=\"container\" data-settings=\"{&quot;background_background&quot;:&quot;classic&quot;}\">\n\t\t\t\t<div class=\"elementor-element elementor-element-c8c8337 elementor-widget elementor-widget-image\" data-id=\"c8c8337\" data-element_type=\"widget\" data-widget_type=\"image.default\">\n\t\t\t\t<div class=\"elementor-widget-container\">\n\t\t\t\t\t\t\t\t\t\t\t\t\t\t\t<img decoding=\"async\" width=\"300\" height=\"150\" src=\"https:\/\/creativart.cloud\/casadeldolce\/wp-content\/uploads\/2026\/01\/casa-del-dolce-logo-bip.jpg\" class=\"attachment-large size-large wp-image-988621\" alt=\"\" \/>\t\t\t\t\t\t\t\t\t\t\t\t\t\t\t<\/div>\n\t\t\t\t<\/div>\n\t\t\t\t<\/div>\n\t\t\t\t\t<\/div>\n\t\t\t\t<\/div>\n\t\t<div class=\"elementor-element elementor-element-2002d89d elementor-invisible e-flex e-con-boxed e-con e-child\" data-id=\"2002d89d\" data-element_type=\"container\" data-settings=\"{&quot;background_background&quot;:&quot;classic&quot;,&quot;animation&quot;:&quot;fadeInUp&quot;}\">\n\t\t\t\t\t<div class=\"e-con-inner\">\n\t\t<div class=\"elementor-element elementor-element-79f7e64b e-con-full e-flex e-con e-child\" data-id=\"79f7e64b\" data-element_type=\"container\">\n\t\t<div class=\"elementor-element elementor-element-31f172ae e-con-full e-flex e-con e-child\" data-id=\"31f172ae\" data-element_type=\"container\">\n\t\t<div class=\"elementor-element elementor-element-4fbaa820 e-con-full e-flex e-con e-child\" data-id=\"4fbaa820\" data-element_type=\"container\">\n\t\t\t\t<div class=\"elementor-element elementor-element-393fc8bd elementor-invisible animated-fast elementor-widget elementor-widget-heading\" data-id=\"393fc8bd\" data-element_type=\"widget\" data-settings=\"{&quot;_animation&quot;:&quot;fadeIn&quot;,&quot;_animation_delay&quot;:0}\" data-widget_type=\"heading.default\">\n\t\t\t\t<div class=\"elementor-widget-container\">\n\t\t\t\t\t<h1 class=\"elementor-heading-title elementor-size-default\">BIP \u00e8 sinonimo di fantasia, gioia e qualit\u00e0<\/h1>\t\t\t\t<\/div>\n\t\t\t\t<\/div>\n\t\t\t\t<div class=\"vamtam-has-theme-widget-styles elementor-element elementor-element-3de10ff vamtam-icon-pos-row-reverse vamtam-has-icon-styles vamtam-has-hover-anim vamtam-has-outside-icon elementor-align-left elementor-hidden-mobile elementor-widget elementor-widget-button\" data-id=\"3de10ff\" data-element_type=\"widget\" data-widget_type=\"button.default\">\n\t\t\t\t<div class=\"elementor-widget-container\">\n\t\t\t\t\t\t\t\t\t<div class=\"elementor-button-wrapper\">\n\t\t\t\t\t<a class=\"elementor-button elementor-size-sm\" role=\"button\">\n\t\t\t\t\t\t<span class=\"elementor-button-content-wrapper\">\n\t\t\t\t\t\t<span class=\"elementor-button-icon\">\n\t\t\t\t<i aria-hidden=\"true\" class=\"vamtamtheme- vamtam-theme-arrow-link-up\"><\/i>\t\t\t<\/span>\n\t\t\t\t\t\t\t\t\t<span class=\"elementor-button-text\">Vedi tutti i prodotti<\/span>\n\t\t\t\t\t<\/span>\n\t\t\t\t\t<\/a>\n\t\t\t\t<\/div>\n\t\t\t\t\t\t\t\t<\/div>\n\t\t\t\t<\/div>\n\t\t\t\t<\/div>\n\t\t<div class=\"elementor-element elementor-element-79bcaf50 e-con-full e-flex e-con e-child\" data-id=\"79bcaf50\" data-element_type=\"container\">\n\t\t\t\t<div class=\"elementor-element elementor-element-6a1c5915 elementor-widget elementor-widget-text-editor\" data-id=\"6a1c5915\" data-element_type=\"widget\" data-widget_type=\"text-editor.default\">\n\t\t\t\t<div class=\"elementor-widget-container\">\n\t\t\t\t\t\t\t\t\t<p>BIP Candy &amp; Toy trasforma dolci e giocattoli in esperienze divertenti, pensate per stupire e intrattenere bambini di tutte le et\u00e0. Ogni prodotto \u00e8 ispirato ai personaggi pi\u00f9 amati, con aromi e colori naturali, senza additivi artificiali.<\/p><p>Da oltre trent\u2019anni, BIP combina creativit\u00e0, innovazione e qualit\u00e0, trasformando ogni prodotto in un\u2019esperienza divertente e originale. Grazie a packaging accattivante e licenze famose, i prodotti BIP conquistano bambini e famiglie in tutto il mondo.<\/p>\t\t\t\t\t\t\t\t<\/div>\n\t\t\t\t<\/div>\n\t\t\t\t<div class=\"vamtam-has-theme-widget-styles elementor-element elementor-element-4ebb395a vamtam-icon-pos-row-reverse vamtam-has-icon-styles vamtam-has-hover-anim vamtam-has-outside-icon elementor-align-left elementor-hidden-desktop elementor-hidden-tablet elementor-widget elementor-widget-button\" data-id=\"4ebb395a\" data-element_type=\"widget\" data-widget_type=\"button.default\">\n\t\t\t\t<div class=\"elementor-widget-container\">\n\t\t\t\t\t\t\t\t\t<div class=\"elementor-button-wrapper\">\n\t\t\t\t\t<a class=\"elementor-button elementor-size-sm\" role=\"button\">\n\t\t\t\t\t\t<span class=\"elementor-button-content-wrapper\">\n\t\t\t\t\t\t<span class=\"elementor-button-icon\">\n\t\t\t\t<i aria-hidden=\"true\" class=\"vamtamtheme- vamtam-theme-arrow-link-up\"><\/i>\t\t\t<\/span>\n\t\t\t\t\t\t\t\t\t<span class=\"elementor-button-text\">Vedi tutti i prodotti<\/span>\n\t\t\t\t\t<\/span>\n\t\t\t\t\t<\/a>\n\t\t\t\t<\/div>\n\t\t\t\t\t\t\t\t<\/div>\n\t\t\t\t<\/div>\n\t\t\t\t<\/div>\n\t\t\t\t<\/div>\n\t\t\t\t<\/div>\n\t\t\t\t\t<\/div>\n\t\t\t\t<\/div>\n\t\t\t\t<\/div>\n\t\t<div class=\"elementor-element elementor-element-4ab8e95 elementor-invisible e-flex e-con-boxed e-con e-parent\" data-id=\"4ab8e95\" data-element_type=\"container\" data-settings=\"{&quot;animation&quot;:&quot;slideInUp&quot;}\">\n\t\t\t\t\t<div class=\"e-con-inner\">\n\t\t\t\t\t<\/div>\n\t\t\t\t<\/div>\n\t\t\t\t<\/div>\n\t\t","protected":false},"excerpt":{"rendered":"<p>BIP \u00e8 sinonimo di fantasia, gioia e qualit\u00e0 Vedi tutti i prodotti BIP Candy &amp; Toy trasforma dolci e giocattoli in esperienze divertenti, pensate per stupire e intrattenere bambini di tutte le et\u00e0. Ogni prodotto \u00e8 ispirato ai personaggi pi\u00f9 amati, con aromi e colori naturali, senza additivi artificiali. Da oltre trent\u2019anni, BIP combina creativit\u00e0,&#8230;<\/p>\n","protected":false},"author":1,"featured_media":0,"parent":987927,"menu_order":0,"comment_status":"closed","ping_status":"closed","template":"elementor_header_footer","meta":{"footnotes":""},"class_list":["post-988619","page","type-page","status-publish","hentry"],"_links":{"self":[{"href":"https:\/\/creativart.cloud\/casadeldolce\/wp-json\/wp\/v2\/pages\/988619","targetHints":{"allow":["GET"]}}],"collection":[{"href":"https:\/\/creativart.cloud\/casadeldolce\/wp-json\/wp\/v2\/pages"}],"about":[{"href":"https:\/\/creativart.cloud\/casadeldolce\/wp-json\/wp\/v2\/types\/page"}],"author":[{"embeddable":true,"href":"https:\/\/creativart.cloud\/casadeldolce\/wp-json\/wp\/v2\/users\/1"}],"replies":[{"embeddable":true,"href":"https:\/\/creativart.cloud\/casadeldolce\/wp-json\/wp\/v2\/comments?post=988619"}],"version-history":[{"count":7,"href":"https:\/\/creativart.cloud\/casadeldolce\/wp-json\/wp\/v2\/pages\/988619\/revisions"}],"predecessor-version":[{"id":988627,"href":"https:\/\/creativart.cloud\/casadeldolce\/wp-json\/wp\/v2\/pages\/988619\/revisions\/988627"}],"up":[{"embeddable":true,"href":"https:\/\/creativart.cloud\/casadeldolce\/wp-json\/wp\/v2\/pages\/987927"}],"wp:attachment":[{"href":"https:\/\/creativart.cloud\/casadeldolce\/wp-json\/wp\/v2\/media?parent=988619"}],"curies":[{"name":"wp","href":"https:\/\/api.w.org\/{rel}","templated":true}]}}