{"id":989788,"date":"2026-03-04T15:15:36","date_gmt":"2026-03-04T14:15:36","guid":{"rendered":"https:\/\/creativart.cloud\/casadeldolce\/?page_id=989788"},"modified":"2026-03-04T16:46:42","modified_gmt":"2026-03-04T15:46:42","slug":"produzione","status":"publish","type":"page","link":"https:\/\/creativart.cloud\/casadeldolce\/produzione\/","title":{"rendered":"Produzione"},"content":{"rendered":"\t\t<div data-elementor-type=\"wp-page\" data-elementor-id=\"989788\" class=\"elementor elementor-989788\" data-elementor-post-type=\"page\">\n\t\t\t\t<div class=\"elementor-element elementor-element-32f036c4 e-con-full e-flex e-con e-parent\" data-id=\"32f036c4\" data-element_type=\"container\">\n\t\t<div class=\"elementor-element elementor-element-389dd095 e-con-full e-flex e-con e-child\" data-id=\"389dd095\" data-element_type=\"container\" data-settings=\"{&quot;background_background&quot;:&quot;classic&quot;}\">\n\t\t\t\t<\/div>\n\t\t\t\t<\/div>\n\t\t<div class=\"elementor-element elementor-element-554f279 e-flex e-con-boxed e-con e-parent\" data-id=\"554f279\" data-element_type=\"container\">\n\t\t\t\t\t<div class=\"e-con-inner\">\n\t\t<div class=\"elementor-element elementor-element-b77076e e-con-full e-flex e-con e-child\" data-id=\"b77076e\" data-element_type=\"container\" data-settings=\"{&quot;background_background&quot;:&quot;gradient&quot;,&quot;animation&quot;:&quot;none&quot;}\">\n\t\t<div class=\"elementor-element elementor-element-01f285b elementor-invisible e-con-full e-flex e-con e-child\" data-id=\"01f285b\" data-element_type=\"container\" data-settings=\"{&quot;animation&quot;:&quot;fadeInUp&quot;}\">\n\t\t\t\t<div class=\"elementor-element elementor-element-ee5916b elementor-invisible elementor-widget__width-auto elementor-widget elementor-widget-heading\" data-id=\"ee5916b\" data-element_type=\"widget\" data-settings=\"{&quot;_animation&quot;:&quot;fadeIn&quot;,&quot;_animation_delay&quot;:50}\" data-widget_type=\"heading.default\">\n\t\t\t\t<div class=\"elementor-widget-container\">\n\t\t\t\t\t<div class=\"elementor-heading-title elementor-size-default\">PRODUZIONE<\/div>\t\t\t\t<\/div>\n\t\t\t\t<\/div>\n\t\t\t\t<div class=\"elementor-element elementor-element-0b6e1dc elementor-widget__width-initial elementor-widget elementor-widget-heading\" data-id=\"0b6e1dc\" data-element_type=\"widget\" data-widget_type=\"heading.default\">\n\t\t\t\t<div class=\"elementor-widget-container\">\n\t\t\t\t\t<h2 class=\"elementor-heading-title elementor-size-default\">Produciamo caramelle per bambini<\/h2>\t\t\t\t<\/div>\n\t\t\t\t<\/div>\n\t\t\t\t<div class=\"elementor-element elementor-element-23b8858 elementor-widget elementor-widget-heading\" data-id=\"23b8858\" data-element_type=\"widget\" data-widget_type=\"heading.default\">\n\t\t\t\t<div class=\"elementor-widget-container\">\n\t\t\t\t\t<span class=\"elementor-heading-title elementor-size-default\">Siamo i produttori di Trinketto\u00ae, uno dei prodotti pi\u00f9 amati dai bambini di tutto il mondo.<\/span>\t\t\t\t<\/div>\n\t\t\t\t<\/div>\n\t\t\t\t<div class=\"elementor-element elementor-element-21d7101 elementor-widget elementor-widget-heading\" data-id=\"21d7101\" data-element_type=\"widget\" data-widget_type=\"heading.default\">\n\t\t\t\t<div class=\"elementor-widget-container\">\n\t\t\t\t\t<span class=\"elementor-heading-title elementor-size-default\">Portiamo avanti l\u2019antica ricetta di famiglia, dove creativit\u00e0, esperienza e innovazione si combinano per creare momenti di dolcezza unici. \n<b>Ogni fase della produzione \u00e8 curata con la massima attenzione<\/b>: selezione delle materie prime, controllo dei processi produttivi e attenzione alla qualit\u00e0 sono per noi momenti fondamentali.<\/span>\t\t\t\t<\/div>\n\t\t\t\t<\/div>\n\t\t\t\t<div class=\"vamtam-has-theme-widget-styles elementor-element elementor-element-6bc93ed vamtam-icon-pos-row-reverse vamtam-has-icon-styles vamtam-has-hover-anim vamtam-has-outside-icon elementor-widget elementor-widget-button\" data-id=\"6bc93ed\" data-element_type=\"widget\" data-widget_type=\"button.default\">\n\t\t\t\t<div class=\"elementor-widget-container\">\n\t\t\t\t\t\t\t\t\t<div class=\"elementor-button-wrapper\">\n\t\t\t\t\t<a class=\"elementor-button elementor-size-sm\" role=\"button\">\n\t\t\t\t\t\t<span class=\"elementor-button-content-wrapper\">\n\t\t\t\t\t\t<span class=\"elementor-button-icon\">\n\t\t\t\t<i aria-hidden=\"true\" class=\"vamtamtheme- vamtam-theme-arrow-link-up\"><\/i>\t\t\t<\/span>\n\t\t\t\t\t\t\t\t\t<span class=\"elementor-button-text\">Scopri Trinketto<\/span>\n\t\t\t\t\t<\/span>\n\t\t\t\t\t<\/a>\n\t\t\t\t<\/div>\n\t\t\t\t\t\t\t\t<\/div>\n\t\t\t\t<\/div>\n\t\t\t\t<\/div>\n\t\t<div class=\"elementor-element elementor-element-f927af6 elementor-invisible e-con-full e-flex e-con e-child\" data-id=\"f927af6\" data-element_type=\"container\" data-settings=\"{&quot;animation&quot;:&quot;fadeInUp&quot;}\">\n\t\t\t\t<div class=\"elementor-element elementor-element-f9675cd elementor-widget elementor-widget-image\" data-id=\"f9675cd\" data-element_type=\"widget\" data-widget_type=\"image.default\">\n\t\t\t\t<div class=\"elementor-widget-container\">\n\t\t\t\t\t\t\t\t\t\t\t\t\t\t\t<img fetchpriority=\"high\" decoding=\"async\" width=\"1080\" height=\"1080\" src=\"https:\/\/creativart.cloud\/casadeldolce\/wp-content\/uploads\/2025\/11\/01-TRINKETTO.jpg\" class=\"attachment-full size-full wp-image-988193\" alt=\"\" srcset=\"https:\/\/creativart.cloud\/casadeldolce\/wp-content\/uploads\/2025\/11\/01-TRINKETTO.jpg 1080w, https:\/\/creativart.cloud\/casadeldolce\/wp-content\/uploads\/2025\/11\/01-TRINKETTO-426x426.jpg 426w, https:\/\/creativart.cloud\/casadeldolce\/wp-content\/uploads\/2025\/11\/01-TRINKETTO-320x320.jpg 320w, https:\/\/creativart.cloud\/casadeldolce\/wp-content\/uploads\/2025\/11\/01-TRINKETTO-640x640.jpg 640w, https:\/\/creativart.cloud\/casadeldolce\/wp-content\/uploads\/2025\/11\/01-TRINKETTO-300x300.jpg 300w, https:\/\/creativart.cloud\/casadeldolce\/wp-content\/uploads\/2025\/11\/01-TRINKETTO-1024x1024.jpg 1024w, https:\/\/creativart.cloud\/casadeldolce\/wp-content\/uploads\/2025\/11\/01-TRINKETTO-150x150.jpg 150w, https:\/\/creativart.cloud\/casadeldolce\/wp-content\/uploads\/2025\/11\/01-TRINKETTO-768x768.jpg 768w\" sizes=\"(max-width: 1080px) 100vw, 1080px\" \/>\t\t\t\t\t\t\t\t\t\t\t\t\t\t\t<\/div>\n\t\t\t\t<\/div>\n\t\t\t\t<\/div>\n\t\t\t\t<\/div>\n\t\t<div class=\"elementor-element elementor-element-9bdc94b elementor-invisible e-con-full e-flex e-con e-child\" data-id=\"9bdc94b\" data-element_type=\"container\" data-settings=\"{&quot;animation&quot;:&quot;fadeInUp&quot;}\">\n\t\t<div class=\"elementor-element elementor-element-374034a e-con-full e-flex e-con e-child\" data-id=\"374034a\" data-element_type=\"container\">\n\t\t\t\t<div class=\"elementor-element elementor-element-1d39a37 elementor-widget elementor-widget-text-editor\" data-id=\"1d39a37\" data-element_type=\"widget\" data-widget_type=\"text-editor.default\">\n\t\t\t\t<div class=\"elementor-widget-container\">\n\t\t\t\t\t\t\t\t\t<p>La costante ricerca dell\u2019eccellenza si traduce in prodotti autentici, realizzati con ingredienti selezionati e tecnologie all\u2019avanguardia.<\/p><p>Casa del Dolce \u00e8 un\u2019azienda <strong>certificata BRC e IFS<\/strong>, garanzia di conformit\u00e0 ai pi\u00f9 rigorosi standard internazionali di qualit\u00e0 e sicurezza alimentare.<\/p>\t\t\t\t\t\t\t\t<\/div>\n\t\t\t\t<\/div>\n\t\t\t\t<\/div>\n\t\t<div class=\"elementor-element elementor-element-57bb8b9 e-con-full e-flex e-con e-child\" data-id=\"57bb8b9\" data-element_type=\"container\">\n\t\t<div class=\"elementor-element elementor-element-22f7a53 e-con-full e-flex e-con e-child\" data-id=\"22f7a53\" data-element_type=\"container\">\n\t\t\t\t<div class=\"elementor-element elementor-element-9ec65cf elementor-widget elementor-widget-image\" data-id=\"9ec65cf\" data-element_type=\"widget\" data-widget_type=\"image.default\">\n\t\t\t\t<div class=\"elementor-widget-container\">\n\t\t\t\t\t\t\t\t\t\t\t\t\t\t\t<img decoding=\"async\" width=\"300\" height=\"300\" src=\"https:\/\/creativart.cloud\/casadeldolce\/wp-content\/uploads\/2026\/01\/CERTIFICAZIONI-BRCS-1-e1600424593564.png\" class=\"attachment-large size-large wp-image-988859\" alt=\"\" srcset=\"https:\/\/creativart.cloud\/casadeldolce\/wp-content\/uploads\/2026\/01\/CERTIFICAZIONI-BRCS-1-e1600424593564.png 300w, https:\/\/creativart.cloud\/casadeldolce\/wp-content\/uploads\/2026\/01\/CERTIFICAZIONI-BRCS-1-e1600424593564-150x150.png 150w\" sizes=\"(max-width: 300px) 100vw, 300px\" \/>\t\t\t\t\t\t\t\t\t\t\t\t\t\t\t<\/div>\n\t\t\t\t<\/div>\n\t\t\t\t<\/div>\n\t\t<div class=\"elementor-element elementor-element-b589047 e-con-full e-flex e-con e-child\" data-id=\"b589047\" data-element_type=\"container\">\n\t\t\t\t<div class=\"elementor-element elementor-element-e4354a7 elementor-widget elementor-widget-image\" data-id=\"e4354a7\" data-element_type=\"widget\" data-widget_type=\"image.default\">\n\t\t\t\t<div class=\"elementor-widget-container\">\n\t\t\t\t\t\t\t\t\t\t\t\t\t\t\t<img decoding=\"async\" width=\"300\" height=\"300\" src=\"https:\/\/creativart.cloud\/casadeldolce\/wp-content\/uploads\/2026\/01\/CERTIFICAZIONI-IFS-1-e1600424612662.png\" class=\"attachment-large size-large wp-image-988860\" alt=\"\" srcset=\"https:\/\/creativart.cloud\/casadeldolce\/wp-content\/uploads\/2026\/01\/CERTIFICAZIONI-IFS-1-e1600424612662.png 300w, https:\/\/creativart.cloud\/casadeldolce\/wp-content\/uploads\/2026\/01\/CERTIFICAZIONI-IFS-1-e1600424612662-150x150.png 150w\" sizes=\"(max-width: 300px) 100vw, 300px\" \/>\t\t\t\t\t\t\t\t\t\t\t\t\t\t\t<\/div>\n\t\t\t\t<\/div>\n\t\t\t\t<\/div>\n\t\t\t\t<\/div>\n\t\t\t\t<\/div>\n\t\t<div class=\"elementor-element elementor-element-790c0c3 e-con-full e-flex e-con e-child\" data-id=\"790c0c3\" data-element_type=\"container\">\n\t\t\t\t<div class=\"elementor-element elementor-element-ac00dd0 elementor-widget-divider--view-line elementor-widget elementor-widget-divider\" data-id=\"ac00dd0\" data-element_type=\"widget\" data-widget_type=\"divider.default\">\n\t\t\t\t<div class=\"elementor-widget-container\">\n\t\t\t\t\t\t\t<div class=\"elementor-divider\">\n\t\t\t<span class=\"elementor-divider-separator\">\n\t\t\t\t\t\t<\/span>\n\t\t<\/div>\n\t\t\t\t\t\t<\/div>\n\t\t\t\t<\/div>\n\t\t\t\t<\/div>\n\t\t\t\t\t<\/div>\n\t\t\t\t<\/div>\n\t\t<div class=\"elementor-element elementor-element-5409506b e-con-full e-flex e-con e-parent\" data-id=\"5409506b\" data-element_type=\"container\">\n\t\t\t\t<div class=\"elementor-element elementor-element-13a0f41 elementor-widget elementor-widget-image\" data-id=\"13a0f41\" data-element_type=\"widget\" data-settings=\"{&quot;_animation&quot;:&quot;none&quot;}\" data-widget_type=\"image.default\">\n\t\t\t\t<div class=\"elementor-widget-container\">\n\t\t\t\t\t\t\t\t\t\t\t\t\t\t\t\t<a href=\"#\">\n\t\t\t\t\t\t\t<img loading=\"lazy\" decoding=\"async\" width=\"2541\" height=\"1166\" src=\"https:\/\/creativart.cloud\/casadeldolce\/wp-content\/uploads\/2026\/01\/casa-del-dolce-banner-plus-trinketto-sz.png\" class=\"attachment-full size-full wp-image-988532\" alt=\"\" srcset=\"https:\/\/creativart.cloud\/casadeldolce\/wp-content\/uploads\/2026\/01\/casa-del-dolce-banner-plus-trinketto-sz.png 2541w, https:\/\/creativart.cloud\/casadeldolce\/wp-content\/uploads\/2026\/01\/casa-del-dolce-banner-plus-trinketto-sz-300x138.png 300w, https:\/\/creativart.cloud\/casadeldolce\/wp-content\/uploads\/2026\/01\/casa-del-dolce-banner-plus-trinketto-sz-1024x470.png 1024w, https:\/\/creativart.cloud\/casadeldolce\/wp-content\/uploads\/2026\/01\/casa-del-dolce-banner-plus-trinketto-sz-768x352.png 768w, https:\/\/creativart.cloud\/casadeldolce\/wp-content\/uploads\/2026\/01\/casa-del-dolce-banner-plus-trinketto-sz-1536x705.png 1536w, https:\/\/creativart.cloud\/casadeldolce\/wp-content\/uploads\/2026\/01\/casa-del-dolce-banner-plus-trinketto-sz-2048x940.png 2048w, https:\/\/creativart.cloud\/casadeldolce\/wp-content\/uploads\/2026\/01\/casa-del-dolce-banner-plus-trinketto-sz-1280x587.png 1280w, https:\/\/creativart.cloud\/casadeldolce\/wp-content\/uploads\/2026\/01\/casa-del-dolce-banner-plus-trinketto-sz-640x294.png 640w\" sizes=\"(max-width: 2541px) 100vw, 2541px\" \/>\t\t\t\t\t\t\t\t<\/a>\n\t\t\t\t\t\t\t\t\t\t\t\t\t\t\t<\/div>\n\t\t\t\t<\/div>\n\t\t\t\t<div class=\"vamtam-has-theme-widget-styles elementor-element elementor-element-27f5fa04 vamtam-icon-pos-row-reverse vamtam-has-icon-styles vamtam-has-hover-anim vamtam-has-outside-icon elementor-align-center elementor-widget elementor-widget-button\" data-id=\"27f5fa04\" data-element_type=\"widget\" data-widget_type=\"button.default\">\n\t\t\t\t<div class=\"elementor-widget-container\">\n\t\t\t\t\t\t\t\t\t<div class=\"elementor-button-wrapper\">\n\t\t\t\t\t<a class=\"elementor-button elementor-button-link elementor-size-sm\" href=\"https:\/\/creativart.cloud\/casadeldolce\/trinketto\/\">\n\t\t\t\t\t\t<span class=\"elementor-button-content-wrapper\">\n\t\t\t\t\t\t<span class=\"elementor-button-icon\">\n\t\t\t\t<i aria-hidden=\"true\" class=\"vamtamtheme- vamtam-theme-arrow-link-up\"><\/i>\t\t\t<\/span>\n\t\t\t\t\t\t\t\t\t<span class=\"elementor-button-text\">Scopri Trinketto<\/span>\n\t\t\t\t\t<\/span>\n\t\t\t\t\t<\/a>\n\t\t\t\t<\/div>\n\t\t\t\t\t\t\t\t<\/div>\n\t\t\t\t<\/div>\n\t\t\t\t<\/div>\n\t\t<div class=\"elementor-element elementor-element-42ee0b35 e-flex e-con-boxed e-con e-parent\" data-id=\"42ee0b35\" data-element_type=\"container\">\n\t\t\t\t\t<div class=\"e-con-inner\">\n\t\t<div class=\"elementor-element elementor-element-593f94e7 elementor-invisible e-con-full e-flex e-con e-child\" data-id=\"593f94e7\" data-element_type=\"container\" data-settings=\"{&quot;background_background&quot;:&quot;video&quot;,&quot;animation&quot;:&quot;fadeIn&quot;,&quot;animation_delay&quot;:100,&quot;background_video_link&quot;:&quot;https:\\\/\\\/youtu.be\\\/FwxaOfrQAr8?si=EGTwLCkjeFVjK9rG&quot;,&quot;background_play_on_mobile&quot;:&quot;yes&quot;,&quot;background_privacy_mode&quot;:&quot;yes&quot;}\">\n\t\t<div class=\"elementor-background-video-container\" aria-hidden=\"true\">\n\t\t\t\t\t\t\t<div class=\"elementor-background-video-embed\"><\/div>\n\t\t\t\t\t\t<\/div><div class=\"elementor-element elementor-element-32bf27da e-con-full e-flex e-con e-child\" data-id=\"32bf27da\" data-element_type=\"container\">\n\t\t<div class=\"elementor-element elementor-element-50bf7350 e-con-full e-flex e-con e-child\" data-id=\"50bf7350\" data-element_type=\"container\">\n\t\t\t\t<div class=\"elementor-element elementor-element-23f199b elementor-widget elementor-widget-text-editor\" data-id=\"23f199b\" data-element_type=\"widget\" data-widget_type=\"text-editor.default\">\n\t\t\t\t<div class=\"elementor-widget-container\">\n\t\t\t\t\t\t\t\t\t<p>Com&#8217;\u00e8 fatto Trinketto?<\/p>\t\t\t\t\t\t\t\t<\/div>\n\t\t\t\t<\/div>\n\t\t\t\t<\/div>\n\t\t<div class=\"elementor-element elementor-element-99718c1 elementor-invisible e-con-full animated-fast e-flex e-con e-child\" data-id=\"99718c1\" data-element_type=\"container\" data-settings=\"{&quot;animation&quot;:&quot;fadeIn&quot;,&quot;animation_delay&quot;:100}\">\n\t\t\t\t<div class=\"vamtam-has-theme-widget-styles elementor-element elementor-element-917d4f8 vamtam-icon-pos-row-reverse vamtam-has-icon-styles vamtam-has-hover-anim vamtam-has-outside-icon elementor-widget elementor-widget-button\" data-id=\"917d4f8\" data-element_type=\"widget\" data-widget_type=\"button.default\">\n\t\t\t\t<div class=\"elementor-widget-container\">\n\t\t\t\t\t\t\t\t\t<div class=\"elementor-button-wrapper\">\n\t\t\t\t\t<a class=\"elementor-button elementor-size-sm\" role=\"button\">\n\t\t\t\t\t\t<span class=\"elementor-button-content-wrapper\">\n\t\t\t\t\t\t<span class=\"elementor-button-icon\">\n\t\t\t\t<i aria-hidden=\"true\" class=\"vamtamtheme- vamtam-theme-arrow-link-up\"><\/i>\t\t\t<\/span>\n\t\t\t\t\t\t\t\t\t<span class=\"elementor-button-text\">Contattaci<\/span>\n\t\t\t\t\t<\/span>\n\t\t\t\t\t<\/a>\n\t\t\t\t<\/div>\n\t\t\t\t\t\t\t\t<\/div>\n\t\t\t\t<\/div>\n\t\t\t\t<\/div>\n\t\t\t\t<\/div>\n\t\t\t\t<\/div>\n\t\t\t\t\t<\/div>\n\t\t\t\t<\/div>\n\t\t\t\t<\/div>\n\t\t","protected":false},"excerpt":{"rendered":"<p>PRODUZIONE Produciamo caramelle per bambini Siamo i produttori di Trinketto\u00ae, uno dei prodotti pi\u00f9 amati dai bambini di tutto il mondo. Portiamo avanti l\u2019antica ricetta di famiglia, dove creativit\u00e0, esperienza e innovazione si combinano per creare momenti di dolcezza unici. Ogni fase della produzione \u00e8 curata con la massima attenzione: selezione delle materie prime, controllo&#8230;<\/p>\n","protected":false},"author":1,"featured_media":0,"parent":0,"menu_order":0,"comment_status":"closed","ping_status":"closed","template":"elementor_header_footer","meta":{"footnotes":""},"class_list":["post-989788","page","type-page","status-publish","hentry"],"_links":{"self":[{"href":"https:\/\/creativart.cloud\/casadeldolce\/wp-json\/wp\/v2\/pages\/989788","targetHints":{"allow":["GET"]}}],"collection":[{"href":"https:\/\/creativart.cloud\/casadeldolce\/wp-json\/wp\/v2\/pages"}],"about":[{"href":"https:\/\/creativart.cloud\/casadeldolce\/wp-json\/wp\/v2\/types\/page"}],"author":[{"embeddable":true,"href":"https:\/\/creativart.cloud\/casadeldolce\/wp-json\/wp\/v2\/users\/1"}],"replies":[{"embeddable":true,"href":"https:\/\/creativart.cloud\/casadeldolce\/wp-json\/wp\/v2\/comments?post=989788"}],"version-history":[{"count":10,"href":"https:\/\/creativart.cloud\/casadeldolce\/wp-json\/wp\/v2\/pages\/989788\/revisions"}],"predecessor-version":[{"id":989835,"href":"https:\/\/creativart.cloud\/casadeldolce\/wp-json\/wp\/v2\/pages\/989788\/revisions\/989835"}],"wp:attachment":[{"href":"https:\/\/creativart.cloud\/casadeldolce\/wp-json\/wp\/v2\/media?parent=989788"}],"curies":[{"name":"wp","href":"https:\/\/api.w.org\/{rel}","templated":true}]}}