{"id":83,"date":"2025-11-19T10:30:49","date_gmt":"2025-11-19T09:30:49","guid":{"rendered":"https:\/\/creativart.cloud\/casadeldolce\/?post_type=product&#038;p=83"},"modified":"2026-03-04T16:55:58","modified_gmt":"2026-03-04T15:55:58","slug":"trinketto-bubble-gum-tris-ml-210","status":"publish","type":"product","link":"https:\/\/creativart.cloud\/casadeldolce\/prodotto\/trinketto-bubble-gum-tris-ml-210\/","title":{"rendered":"Trinketto bubble gum tris ml 210"},"content":{"rendered":"","protected":false},"excerpt":{"rendered":"<p>Il <strong>Trinketto Bubble Gum da 210 ml<\/strong> \u00e8 la scelta perfetta per chi ama il gusto classico della gomma da masticare. Pratico da portare e pronto da gustare, \u00e8 perfetto per momenti di pausa o per sorprendere i pi\u00f9 piccoli con una dolce sorpresa.<\/p>\n<div class=\"product_box_order_details\">\n<div class=\"details_label first_child\">Numero di articolo<\/div>\n<div class=\"details_value first_child\">0091368<\/div>\n<div class=\"details_label\">Codice EAN pezzo<\/div>\n<div class=\"details_value\">9002859093159<\/div>\n<div class=\"details_label\">Codice EAN cartone<\/div>\n<div class=\"details_value\">9002859093166<\/div>\n<div class=\"details_label\">Pezzi \/ Cartone<\/div>\n<div class=\"details_value\">10<\/div>\n<div class=\"details_label\">Cartoni \/ Bancale<\/div>\n<div class=\"details_value\">266<\/div>\n<div class=\"details_label\">Strati \/ Bancale<\/div>\n<div class=\"details_value\">14<\/div>\n<div class=\"details_label\">Cartoni \/ Strato<\/div>\n<div class=\"details_value\">19<\/div>\n<div class=\"details_label\">pezzo \/ pallet<\/div>\n<div class=\"details_value\">2660<\/div>\n<div class=\"details_label\">Marcaturi lingue<\/div>\n<div class=\"details_value\">CS, DE, EN, FR, NL<\/div>\n<\/div>\n","protected":false},"featured_media":84,"template":"","meta":[],"product_brand":[],"product_cat":[15],"product_tag":[],"class_list":{"0":"post-83","1":"product","2":"type-product","3":"status-publish","4":"has-post-thumbnail","6":"product_cat-senza-categoria","8":"first","9":"instock","10":"shipping-taxable","11":"product-type-simple"},"_links":{"self":[{"href":"https:\/\/creativart.cloud\/casadeldolce\/wp-json\/wp\/v2\/product\/83","targetHints":{"allow":["GET"]}}],"collection":[{"href":"https:\/\/creativart.cloud\/casadeldolce\/wp-json\/wp\/v2\/product"}],"about":[{"href":"https:\/\/creativart.cloud\/casadeldolce\/wp-json\/wp\/v2\/types\/product"}],"wp:featuredmedia":[{"embeddable":true,"href":"https:\/\/creativart.cloud\/casadeldolce\/wp-json\/wp\/v2\/media\/84"}],"wp:attachment":[{"href":"https:\/\/creativart.cloud\/casadeldolce\/wp-json\/wp\/v2\/media?parent=83"}],"wp:term":[{"taxonomy":"product_brand","embeddable":true,"href":"https:\/\/creativart.cloud\/casadeldolce\/wp-json\/wp\/v2\/product_brand?post=83"},{"taxonomy":"product_cat","embeddable":true,"href":"https:\/\/creativart.cloud\/casadeldolce\/wp-json\/wp\/v2\/product_cat?post=83"},{"taxonomy":"product_tag","embeddable":true,"href":"https:\/\/creativart.cloud\/casadeldolce\/wp-json\/wp\/v2\/product_tag?post=83"}],"curies":[{"name":"wp","href":"https:\/\/api.w.org\/{rel}","templated":true}]}}